
{"id":5561,"date":"2023-07-17T19:33:36","date_gmt":"2023-07-17T18:33:36","guid":{"rendered":"https:\/\/interrailplanner.com\/blog\/product\/travel-across-europe-t-shirt-front-design-no-text\/"},"modified":"2023-11-15T14:59:35","modified_gmt":"2023-11-15T14:59:35","slug":"travel-across-europe-t-shirt-front-design-no-text","status":"publish","type":"product","link":"https:\/\/interrailplanner.com\/blog\/it\/prodotto\/viaggio-attraverso-leuropa-t-shirt-design-frontale-senza-testo\/","title":{"rendered":"Maglietta unisex Travel Across Europe - Disegno frontale (senza testo)"},"content":{"rendered":"<div>\n<p>Il nostro esclusivo disegno della maglietta Travel Across Europe By Rail (senza testo) \u00e8 presente sul davanti di questa maglietta<\/p>\n<p><\/p>\n<\/p>\n<p>Questa t-shirt in cotone pesante \u00e8 un prodotto di base resistente con una vestibilit\u00e0 classica. Ha uno stile rilassato, adatto a un abbigliamento quotidiano e casual.<\/p>\n<p><\/p>\n<\/p>\n<p>- Colletto senza cuciture a doppio ago<\/p>\n<p>- Orli delle maniche e del fondo a doppio ago<\/p>\n<p>- 100% cotone pettinato e filato ad anelli<\/p><div class=\"inter-content-paragraph\" style=\"margin-top: 20px;margin-bottom: 20px;\" id=\"inter-4256164130\"><script async src=\"\/\/pagead2.googlesyndication.com\/pagead\/js\/adsbygoogle.js?client=ca-pub-4633244982126279\" crossorigin=\"anonymous\"><\/script><ins class=\"adsbygoogle\" style=\"display:block; text-align:center;\" data-ad-client=\"ca-pub-4633244982126279\" \ndata-ad-slot=\"7158573474\" \ndata-ad-layout=\"in-article\"\ndata-ad-format=\"fluid\"><\/ins>\n<script> \n(adsbygoogle = window.adsbygoogle || []).push({}); \n<\/script>\n<\/div>\n<p>- Collo e spalle nastrate per una maggiore durata<\/p>\n<\/p>\n<\/div>\n<p><strong>Guida alle dimensioni<\/strong><\/p>\n<table>\n<tbody>\n<tr>\n<td>&nbsp;<\/td>\n<td><strong>S<\/strong><\/td>\n<td><strong>M<\/strong><\/td>\n<td><strong>L<\/strong><\/td>\n<td><strong>XL<\/strong><\/td>\n<td><strong>2XL<\/strong><\/td>\n<td><strong>3XL<\/strong><\/td>\n<\/tr>\n<tr>\n<td><strong>A) Lunghezza (cm)<\/strong><\/td>\n<td>71<\/td>\n<td>74<\/td>\n<td>76<\/td>\n<td>79<\/td>\n<td>81<\/td>\n<td>84<\/td>\n<\/tr>\n<tr>\n<td><strong>B) Mezzo petto (cm)<\/strong><\/td>\n<td>46<\/td>\n<td>51<\/td>\n<td>56<\/td>\n<td>61<\/td>\n<td>66<\/td>\n<td>71<\/td>\n<\/tr>\n<\/tbody>\n<\/table>\n<table>\n<tbody>\n<tr>\n<td>&nbsp;<\/td>\n<td><strong>S<\/strong><\/td>\n<td><strong>M<\/strong><\/td>\n<td><strong>L<\/strong><\/td>\n<td><strong>XL<\/strong><\/td>\n<td><strong>2XL<\/strong><\/td>\n<td><strong>3XL<\/strong><\/td>\n<\/tr>\n<tr>\n<td><strong>A) Lunghezza (pollici)<\/strong><\/td>\n<td>28<\/td>\n<td>29<\/td>\n<td>30<\/td>\n<td>31<\/td>\n<td>32<\/td>\n<td>33<\/td>\n<\/tr>\n<tr>\n<td><strong>B) Mezzo petto (pollici)<\/strong><\/td>\n<td>18<\/td>\n<td>20<\/td>\n<td>22<\/td>\n<td>24<\/td>\n<td>26<\/td>\n<td>28<\/td>\n<\/tr>\n<\/tbody>\n<\/table>\n<p><strong>Istruzioni per la cura<\/strong><\/p>\n<table>\n<tbody>\n<tr>\n<td>Lavaggio<\/td>\n<td>Macchina, caldo, al rovescio, colori simili<\/td>\n<\/tr>\n<tr>\n<td>Asciugatura a secco<\/td>\n<td>Basso<\/td>\n<\/tr>\n<tr>\n<td>Candeggina<\/td>\n<td>Solo non clorurati<\/td>\n<\/tr>\n<tr>\n<td>Lavaggio a secco<\/td>\n<td>Non lavare a secco<\/td>\n<\/tr>\n<tr>\n<td>Ferro<\/td>\n<td>Non stirare<\/td>\n<\/tr>\n<\/tbody>\n<\/table>\n<div class=\"inter-after-content\" style=\"margin-top: 20px;margin-bottom: 20px;\" id=\"inter-3685044021\"><script async src=\"\/\/pagead2.googlesyndication.com\/pagead\/js\/adsbygoogle.js?client=ca-pub-4633244982126279\" crossorigin=\"anonymous\"><\/script><ins class=\"adsbygoogle\" style=\"display:block;\" data-ad-client=\"ca-pub-4633244982126279\" \ndata-ad-slot=\"8015293915\" \ndata-ad-format=\"auto\"><\/ins>\n<script> \n(adsbygoogle = window.adsbygoogle || []).push({}); \n<\/script>\n<\/div>","protected":false},"excerpt":{"rendered":"<p>Il nostro esclusivo disegno Travel Across Europe By Rail T-Shirt (senza testo) \u00e8 riportato sul davanti di questa t-shirt Questa t-shirt in cotone pesante \u00e8 un prodotto di base resistente con una vestibilit\u00e0 classica. Ha uno stile rilassato adatto a un abbigliamento quotidiano e casual - Colletto con doppio ago senza cuciture - Orlo delle maniche e fondo con doppio ago - 100%...<\/p>","protected":false},"featured_media":5786,"comment_status":"open","ping_status":"closed","template":"","meta":[],"product_brand":[],"product_cat":[248],"product_tag":[],"class_list":{"0":"post-5561","1":"product","2":"type-product","3":"status-publish","4":"has-post-thumbnail","6":"product_cat-t-shirts","8":"first","9":"instock","10":"shipping-taxable","11":"purchasable","12":"product-type-variable"},"jetpack-related-posts":[],"jetpack_sharing_enabled":true,"_links":{"self":[{"href":"https:\/\/interrailplanner.com\/blog\/it\/wp-json\/wp\/v2\/product\/5561","targetHints":{"allow":["GET"]}}],"collection":[{"href":"https:\/\/interrailplanner.com\/blog\/it\/wp-json\/wp\/v2\/product"}],"about":[{"href":"https:\/\/interrailplanner.com\/blog\/it\/wp-json\/wp\/v2\/types\/product"}],"replies":[{"embeddable":true,"href":"https:\/\/interrailplanner.com\/blog\/it\/wp-json\/wp\/v2\/comments?post=5561"}],"wp:featuredmedia":[{"embeddable":true,"href":"https:\/\/interrailplanner.com\/blog\/it\/wp-json\/wp\/v2\/media\/5786"}],"wp:attachment":[{"href":"https:\/\/interrailplanner.com\/blog\/it\/wp-json\/wp\/v2\/media?parent=5561"}],"wp:term":[{"taxonomy":"product_brand","embeddable":true,"href":"https:\/\/interrailplanner.com\/blog\/it\/wp-json\/wp\/v2\/product_brand?post=5561"},{"taxonomy":"product_cat","embeddable":true,"href":"https:\/\/interrailplanner.com\/blog\/it\/wp-json\/wp\/v2\/product_cat?post=5561"},{"taxonomy":"product_tag","embeddable":true,"href":"https:\/\/interrailplanner.com\/blog\/it\/wp-json\/wp\/v2\/product_tag?post=5561"}],"curies":[{"name":"wp","href":"https:\/\/api.w.org\/{rel}","templated":true}]}}