
{"id":4762,"date":"2023-07-04T22:05:48","date_gmt":"2023-07-04T21:05:48","guid":{"rendered":"https:\/\/interrailplanner.com\/blog\/product\/interrail-planner-og-t-shirt\/"},"modified":"2023-11-15T14:59:29","modified_gmt":"2023-11-15T14:59:29","slug":"interrail-planner-og-t-shirt","status":"publish","type":"product","link":"https:\/\/interrailplanner.com\/blog\/it\/prodotto\/maglietta-interrail-planner-og\/","title":{"rendered":"Maglietta unisex Interrail Planner OG"},"content":{"rendered":"<div>\n<p>La t-shirt Interrail Planner OG \u00e8 disponibile in diversi colori.<\/p>\n<p>Questa t-shirt unisex in cotone pesante \u00e8 un prodotto di base resistente con una vestibilit\u00e0 classica. Ha uno stile rilassato, adatto a un abbigliamento quotidiano e casual.<\/p>\n<p>- Colletto senza cuciture a doppio ago<\/p>\n<p>- Orli delle maniche e del fondo a doppio ago<\/p>\n<p>- 100% cotone pettinato e filato ad anelli<\/p>\n<p>- Collo e spalle nastrate per una maggiore durata<\/p>\n<\/div>\n<p><strong>Guida alle dimensioni<\/strong><\/p><div class=\"inter-content-paragraph\" style=\"margin-top: 20px;margin-bottom: 20px;\" id=\"inter-409690095\"><script async src=\"\/\/pagead2.googlesyndication.com\/pagead\/js\/adsbygoogle.js?client=ca-pub-4633244982126279\" crossorigin=\"anonymous\"><\/script><ins class=\"adsbygoogle\" style=\"display:block; text-align:center;\" data-ad-client=\"ca-pub-4633244982126279\" \ndata-ad-slot=\"7158573474\" \ndata-ad-layout=\"in-article\"\ndata-ad-format=\"fluid\"><\/ins>\n<script> \n(adsbygoogle = window.adsbygoogle || []).push({}); \n<\/script>\n<\/div>\n<table>\n<tbody>\n<tr>\n<td><\/td>\n<td><strong>S<\/strong><\/td>\n<td><strong>M<\/strong><\/td>\n<td><strong>L<\/strong><\/td>\n<td><strong>XL<\/strong><\/td>\n<td><strong>2XL<\/strong><\/td>\n<td><strong>3XL<\/strong><\/td>\n<\/tr>\n<tr>\n<td><strong>A) Lunghezza (cm)<\/strong><\/td>\n<td>71<\/td>\n<td>74<\/td>\n<td>76<\/td>\n<td>79<\/td>\n<td>81<\/td>\n<td>84<\/td>\n<\/tr>\n<tr>\n<td><strong>B) Mezzo petto (cm)<\/strong><\/td>\n<td>46<\/td>\n<td>51<\/td>\n<td>56<\/td>\n<td>61<\/td>\n<td>66<\/td>\n<td>71<\/td>\n<\/tr>\n<\/tbody>\n<\/table>\n<p>&nbsp;<\/p>\n<table>\n<tbody>\n<tr>\n<td><\/td>\n<td><strong>S<\/strong><\/td>\n<td><strong>M<\/strong><\/td>\n<td><strong>L<\/strong><\/td>\n<td><strong>XL<\/strong><\/td>\n<td><strong>2XL<\/strong><\/td>\n<td><strong>3XL<\/strong><\/td>\n<\/tr>\n<tr>\n<td><strong>A) Lunghezza (pollici)<\/strong><\/td>\n<td>28<\/td>\n<td>29<\/td>\n<td>30<\/td>\n<td>31<\/td>\n<td>32<\/td>\n<td>33<\/td>\n<\/tr>\n<tr>\n<td><strong>B) Mezzo petto (pollici)<\/strong><\/td>\n<td>18<\/td>\n<td>20<\/td>\n<td>22<\/td>\n<td>24<\/td>\n<td>26<\/td>\n<td>28<\/td>\n<\/tr>\n<\/tbody>\n<\/table>\n<p>&nbsp;<\/p>\n<p><strong>Istruzioni per la cura<\/strong><\/p>\n<table>\n<tbody>\n<tr>\n<td>Lavaggio<\/td>\n<td>Macchina, caldo, al rovescio, colori simili<\/td>\n<\/tr>\n<tr>\n<td>Asciugatura a secco<\/td>\n<td>Basso<\/td>\n<\/tr>\n<tr>\n<td>Candeggina<\/td>\n<td>Solo non clorurati<\/td>\n<\/tr>\n<tr>\n<td>Lavaggio a secco<\/td>\n<td>Non lavare a secco<\/td>\n<\/tr>\n<tr>\n<td>Ferro<\/td>\n<td>Non stirare<\/td>\n<\/tr>\n<\/tbody>\n<\/table>\n<div class=\"inter-after-content\" style=\"margin-top: 20px;margin-bottom: 20px;\" id=\"inter-4166852835\"><script async src=\"\/\/pagead2.googlesyndication.com\/pagead\/js\/adsbygoogle.js?client=ca-pub-4633244982126279\" crossorigin=\"anonymous\"><\/script><ins class=\"adsbygoogle\" style=\"display:block;\" data-ad-client=\"ca-pub-4633244982126279\" \ndata-ad-slot=\"8015293915\" \ndata-ad-format=\"auto\"><\/ins>\n<script> \n(adsbygoogle = window.adsbygoogle || []).push({}); \n<\/script>\n<\/div>","protected":false},"excerpt":{"rendered":"<p>La t-shirt Interrail Planner OG \u00e8 disponibile in diversi colori. Questa t-shirt unisex in cotone pesante \u00e8 un prodotto di base resistente con una vestibilit\u00e0 classica. Ha uno stile rilassato adatto a un abbigliamento quotidiano e casual - Colletto con doppio ago senza cuciture - Orlo delle maniche e fondo con doppio ago - Cotone 100% pettinato e filato ad anelli - Nastro...<\/p>","protected":false},"featured_media":4799,"comment_status":"open","ping_status":"closed","template":"","meta":[],"product_brand":[],"product_cat":[248],"product_tag":[],"class_list":{"0":"post-4762","1":"product","2":"type-product","3":"status-publish","4":"has-post-thumbnail","6":"product_cat-t-shirts","8":"first","9":"instock","10":"shipping-taxable","11":"purchasable","12":"product-type-variable"},"jetpack-related-posts":[],"jetpack_sharing_enabled":true,"_links":{"self":[{"href":"https:\/\/interrailplanner.com\/blog\/it\/wp-json\/wp\/v2\/product\/4762","targetHints":{"allow":["GET"]}}],"collection":[{"href":"https:\/\/interrailplanner.com\/blog\/it\/wp-json\/wp\/v2\/product"}],"about":[{"href":"https:\/\/interrailplanner.com\/blog\/it\/wp-json\/wp\/v2\/types\/product"}],"replies":[{"embeddable":true,"href":"https:\/\/interrailplanner.com\/blog\/it\/wp-json\/wp\/v2\/comments?post=4762"}],"wp:featuredmedia":[{"embeddable":true,"href":"https:\/\/interrailplanner.com\/blog\/it\/wp-json\/wp\/v2\/media\/4799"}],"wp:attachment":[{"href":"https:\/\/interrailplanner.com\/blog\/it\/wp-json\/wp\/v2\/media?parent=4762"}],"wp:term":[{"taxonomy":"product_brand","embeddable":true,"href":"https:\/\/interrailplanner.com\/blog\/it\/wp-json\/wp\/v2\/product_brand?post=4762"},{"taxonomy":"product_cat","embeddable":true,"href":"https:\/\/interrailplanner.com\/blog\/it\/wp-json\/wp\/v2\/product_cat?post=4762"},{"taxonomy":"product_tag","embeddable":true,"href":"https:\/\/interrailplanner.com\/blog\/it\/wp-json\/wp\/v2\/product_tag?post=4762"}],"curies":[{"name":"wp","href":"https:\/\/api.w.org\/{rel}","templated":true}]}}