
{"id":5933,"date":"2023-09-14T16:24:59","date_gmt":"2023-09-14T15:24:59","guid":{"rendered":"https:\/\/interrailplanner.com\/blog\/product\/classic-unisex-pullover-hoodie-front-design-with-text\/"},"modified":"2025-09-24T17:15:43","modified_gmt":"2025-09-24T16:15:43","slug":"classic-unisex-pullover-hoodie-front-design-with-text","status":"publish","type":"product","link":"https:\/\/interrailplanner.com\/blog\/fr\/produit\/pull-over-a-capuche-unisexe-classique-avec-texte-sur-le-devant\/","title":{"rendered":"Sweat \u00e0 capuche classique unisexe - Design frontal avec texte"},"content":{"rendered":"<p>Dot\u00e9 de notre motif exclusif Interrail Planner avec texte, ce sweat \u00e0 capuche classique comporte une grande poche avant et des cordons de serrage de couleur assortie.<\/p><div class=\"inter-content-paragraph\" style=\"margin-top: 20px;margin-bottom: 20px;\" id=\"inter-4041110277\"><script async src=\"\/\/pagead2.googlesyndication.com\/pagead\/js\/adsbygoogle.js?client=ca-pub-4633244982126279\" crossorigin=\"anonymous\"><\/script><ins class=\"adsbygoogle\" style=\"display:block; text-align:center;\" data-ad-client=\"ca-pub-4633244982126279\" \ndata-ad-slot=\"7158573474\" \ndata-ad-layout=\"in-article\"\ndata-ad-format=\"fluid\"><\/ins>\n<script> \n(adsbygoogle = window.adsbygoogle || []).push({}); \n<\/script>\n<\/div>\n<p>Tricot polaire pr\u00e9r\u00e9tr\u00e9ci<br \/>\nLe fil \u00e0 jet d'air offre un toucher plus doux et r\u00e9duit le boulochage.<br \/>\nCapuche doubl\u00e9e avec cordon de serrage de couleur assortie<br \/>\nD\u00e9chirer l'\u00e9tiquette<br \/>\nDouble piq\u00fbre au niveau des \u00e9paules, des emmanchures, du col, de la ceinture et des poignets.<br \/>\nPochette<br \/>\n1 x 1 c\u00f4te avec \u00e9lasthanne<br \/>\nQuart de tour pour \u00e9liminer le pli central<\/p>\n<p>&nbsp;<\/p>\n<p><strong>Guide des tailles<\/strong><\/p><div class=\"inter-content_2\" style=\"margin-top: 20px;margin-bottom: 20px;\" id=\"inter-1809854778\"><script async src=\"\/\/pagead2.googlesyndication.com\/pagead\/js\/adsbygoogle.js?client=ca-pub-4633244982126279\" crossorigin=\"anonymous\"><\/script><ins class=\"adsbygoogle\" style=\"display:block; text-align:center;\" data-ad-client=\"ca-pub-4633244982126279\" \ndata-ad-slot=\"7158573474\" \ndata-ad-layout=\"in-article\"\ndata-ad-format=\"fluid\"><\/ins>\n<script> \n(adsbygoogle = window.adsbygoogle || []).push({}); \n<\/script>\n<\/div>\n<p>&nbsp;<\/p>\n<table>\n<tbody>\n<tr>\n<td><\/td>\n<td><strong>S<\/strong><\/td>\n<td><strong>M<\/strong><\/td>\n<td><strong>L<\/strong><\/td>\n<td><strong>XL<\/strong><\/td>\n<td><strong>2XL<\/strong><\/td>\n<td><strong>3XL<\/strong><\/td>\n<\/tr>\n<tr>\n<td><strong>A) Longueur (cm)<\/strong><\/td>\n<td>69<\/td>\n<td>71<\/td>\n<td>74<\/td>\n<td>76<\/td>\n<td>79<\/td>\n<td>81<\/td>\n<\/tr>\n<tr>\n<td><strong>B) Demi-poitrine (cm)<\/strong><\/td>\n<td>51<\/td>\n<td>56<\/td>\n<td>61<\/td>\n<td>66<\/td>\n<td>71<\/td>\n<td>76<\/td>\n<\/tr>\n<tr>\n<td><strong>C) Longueur des manches (cm)<\/strong><\/td>\n<td>85<\/td>\n<td>88<\/td>\n<td>90<\/td>\n<td>93<\/td>\n<td>95<\/td>\n<td>98<\/td>\n<\/tr>\n<\/tbody>\n<\/table>\n<p>&nbsp;<\/p>\n<table>\n<tbody>\n<tr>\n<td><\/td>\n<td><strong>S<\/strong><\/td>\n<td><strong>M<\/strong><\/td>\n<td><strong>L<\/strong><\/td>\n<td><strong>XL<\/strong><\/td>\n<td><strong>2XL<\/strong><\/td>\n<td><strong>3XL<\/strong><\/td>\n<\/tr>\n<tr>\n<td><strong>A) Longueur (pouces)<\/strong><\/td>\n<td>27 \u2159<\/td>\n<td>27 \u215e<\/td>\n<td>29 \u215b<\/td>\n<td>29 \u215e<\/td>\n<td>31 \u2151<\/td>\n<td>31 \u215e<\/td>\n<\/tr>\n<tr>\n<td><strong>B) Demi-poitrine (pouces)<\/strong><\/td>\n<td>20<\/td>\n<td>22<\/td>\n<td>24<\/td>\n<td>25 \u215e<\/td>\n<td>27 \u215e<\/td>\n<td>29 \u215e<\/td>\n<\/tr>\n<tr>\n<td><strong>C) Longueur des manches (pouces)<\/strong><\/td>\n<td>33 \u215c<\/td>\n<td>34 \u215d<\/td>\n<td>35 \u2156<\/td>\n<td>36 \u215d<\/td>\n<td>37 \u2156<\/td>\n<td>38 \u00bd<\/td>\n<\/tr>\n<\/tbody>\n<\/table>\n<p>&nbsp;<\/p>\n<p><strong>Instructions d'entretien<\/strong><\/p>\n<table>\n<tbody>\n<tr>\n<td>Lavage<\/td>\n<td>Lavage en machine \u00e0 chaud (max 40C ou 105F), laver le v\u00eatement \u00e0 l'envers avec des couleurs similaires.<\/td>\n<\/tr>\n<tr>\n<td>S\u00e9chage par culbutage<\/td>\n<td>Faible<\/td>\n<\/tr>\n<tr>\n<td>Eau de Javel<\/td>\n<td>Uniquement les produits sans chlore<\/td>\n<\/tr>\n<tr>\n<td>Nettoyage \u00e0 sec<\/td>\n<td>Ne pas nettoyer \u00e0 sec<\/td>\n<\/tr>\n<tr>\n<td>Le fer<\/td>\n<td>Ne pas repasser<\/td>\n<\/tr>\n<\/tbody>\n<\/table>\n<div class=\"inter-after-content\" style=\"margin-top: 20px;margin-bottom: 20px;\" id=\"inter-3999321699\"><script async src=\"\/\/pagead2.googlesyndication.com\/pagead\/js\/adsbygoogle.js?client=ca-pub-4633244982126279\" crossorigin=\"anonymous\"><\/script><ins class=\"adsbygoogle\" style=\"display:block;\" data-ad-client=\"ca-pub-4633244982126279\" \ndata-ad-slot=\"8015293915\" \ndata-ad-format=\"auto\"><\/ins>\n<script> \n(adsbygoogle = window.adsbygoogle || []).push({}); \n<\/script>\n<\/div>","protected":false},"excerpt":{"rendered":"<p>Dot\u00e9 de notre motif exclusif Interrail Planner avec texte, ce sweat \u00e0 capuche classique comporte une grande poche avant et des cordons de serrage de couleur assortie. Tricot polaire pr\u00e9r\u00e9tr\u00e9ci Le fil Air Jet donne une sensation plus douce et r\u00e9duit le boulochage Capuche doublement doubl\u00e9e avec cordon de serrage de couleur assortie \u00c9tiquette d\u00e9chirable Couture double aiguille aux \u00e9paules, aux emmanchures, au cou, \u00e0 la taille et aux poignets Poche de...<\/p>","protected":false},"featured_media":5932,"comment_status":"open","ping_status":"closed","template":"","meta":[],"product_brand":[],"product_cat":[254],"product_tag":[],"class_list":{"0":"post-5933","1":"product","2":"type-product","3":"status-publish","4":"has-post-thumbnail","6":"product_cat-hoodies","8":"first","9":"instock","10":"shipping-taxable","11":"purchasable","12":"product-type-variable"},"jetpack-related-posts":[],"jetpack_sharing_enabled":true,"_links":{"self":[{"href":"https:\/\/interrailplanner.com\/blog\/fr\/wp-json\/wp\/v2\/product\/5933","targetHints":{"allow":["GET"]}}],"collection":[{"href":"https:\/\/interrailplanner.com\/blog\/fr\/wp-json\/wp\/v2\/product"}],"about":[{"href":"https:\/\/interrailplanner.com\/blog\/fr\/wp-json\/wp\/v2\/types\/product"}],"replies":[{"embeddable":true,"href":"https:\/\/interrailplanner.com\/blog\/fr\/wp-json\/wp\/v2\/comments?post=5933"}],"wp:featuredmedia":[{"embeddable":true,"href":"https:\/\/interrailplanner.com\/blog\/fr\/wp-json\/wp\/v2\/media\/5932"}],"wp:attachment":[{"href":"https:\/\/interrailplanner.com\/blog\/fr\/wp-json\/wp\/v2\/media?parent=5933"}],"wp:term":[{"taxonomy":"product_brand","embeddable":true,"href":"https:\/\/interrailplanner.com\/blog\/fr\/wp-json\/wp\/v2\/product_brand?post=5933"},{"taxonomy":"product_cat","embeddable":true,"href":"https:\/\/interrailplanner.com\/blog\/fr\/wp-json\/wp\/v2\/product_cat?post=5933"},{"taxonomy":"product_tag","embeddable":true,"href":"https:\/\/interrailplanner.com\/blog\/fr\/wp-json\/wp\/v2\/product_tag?post=5933"}],"curies":[{"name":"wp","href":"https:\/\/api.w.org\/{rel}","templated":true}]}}