
{"id":5695,"date":"2023-07-18T10:11:59","date_gmt":"2023-07-18T09:11:59","guid":{"rendered":"https:\/\/interrailplanner.com\/blog\/product\/travel-across-europe-t-shirt-classic-womens-crewneck\/"},"modified":"2023-11-15T14:59:30","modified_gmt":"2023-11-15T14:59:30","slug":"travel-across-europe-t-shirt-classic-womens-crewneck","status":"publish","type":"product","link":"https:\/\/interrailplanner.com\/blog\/fr\/produit\/travel-across-europe-t-shirt-classic-womens-crewneck\/","title":{"rendered":"Travel Across Europe T-Shirt - Classic Femmes Crewneck"},"content":{"rendered":"<p>Notre motif exclusif Travel Across Europe figure sur le devant de ce tee-shirt classique \u00e0 col ras-de-cou pour femmes.<\/p><div class=\"inter-content-paragraph\" style=\"margin-top: 20px;margin-bottom: 20px;\" id=\"inter-1824504944\"><script async src=\"\/\/pagead2.googlesyndication.com\/pagead\/js\/adsbygoogle.js?client=ca-pub-4633244982126279\" crossorigin=\"anonymous\"><\/script><ins class=\"adsbygoogle\" style=\"display:block; text-align:center;\" data-ad-client=\"ca-pub-4633244982126279\" \ndata-ad-slot=\"7158573474\" \ndata-ad-layout=\"in-article\"\ndata-ad-format=\"fluid\"><\/ins>\n<script> \n(adsbygoogle = window.adsbygoogle || []).push({}); \n<\/script>\n<\/div>\n<p>&nbsp;<\/p>\n<p>Tricot jersey pr\u00e9r\u00e9tr\u00e9ci<br \/>\nSilhouette ajust\u00e9e avec couture lat\u00e9rale<br \/>\nHaute densit\u00e9 de points pour une surface d'impression plus lisse<br \/>\nCol de 1,3 cm \u00e0 double aiguille sans couture<br \/>\nBande de propret\u00e9 au niveau du cou et des \u00e9paules<br \/>\n\u00c9tiquette d\u00e9tachable et double \u00e9tiquette satin\u00e9e<br \/>\nOurlets des manches et du bas doublement aiguillet\u00e9s<\/p>\n<p>&nbsp;<\/p>\n<p><strong>Guide des tailles<\/strong><\/p><div class=\"inter-content_2\" style=\"margin-top: 20px;margin-bottom: 20px;\" id=\"inter-3583605220\"><script async src=\"\/\/pagead2.googlesyndication.com\/pagead\/js\/adsbygoogle.js?client=ca-pub-4633244982126279\" crossorigin=\"anonymous\"><\/script><ins class=\"adsbygoogle\" style=\"display:block; text-align:center;\" data-ad-client=\"ca-pub-4633244982126279\" \ndata-ad-slot=\"7158573474\" \ndata-ad-layout=\"in-article\"\ndata-ad-format=\"fluid\"><\/ins>\n<script> \n(adsbygoogle = window.adsbygoogle || []).push({}); \n<\/script>\n<\/div>\n<p>&nbsp;<\/p>\n<table>\n<tbody>\n<tr>\n<td><\/td>\n<td><strong>S<\/strong><\/td>\n<td><strong>M<\/strong><\/td>\n<td><strong>L<\/strong><\/td>\n<td><strong>XL<\/strong><\/td>\n<td><strong>2XL<\/strong><\/td>\n<\/tr>\n<tr>\n<td><strong>A) Longueur (cm)<\/strong><\/td>\n<td>64<\/td>\n<td>67<\/td>\n<td>69<\/td>\n<td>71<\/td>\n<td>72<\/td>\n<\/tr>\n<tr>\n<td><strong>B) Demi-poitrine (cm)<\/strong><\/td>\n<td>41<\/td>\n<td>43<\/td>\n<td>47<\/td>\n<td>50<\/td>\n<td>56<\/td>\n<\/tr>\n<\/tbody>\n<\/table>\n<p>&nbsp;<\/p>\n<table>\n<tbody>\n<tr>\n<td><\/td>\n<td><strong>S<\/strong><\/td>\n<td><strong>M<\/strong><\/td>\n<td><strong>L<\/strong><\/td>\n<td><strong>XL<\/strong><\/td>\n<td><strong>2XL<\/strong><\/td>\n<\/tr>\n<tr>\n<td><strong>A) Longueur (pouces)<\/strong><\/td>\n<td>25 \u00bc<\/td>\n<td>26 \u215c<\/td>\n<td>27 \u215b<\/td>\n<td>27 1\/0<\/td>\n<td>28 \u2153<\/td>\n<\/tr>\n<tr>\n<td><strong>B) Demi-poitrine (pouces)<\/strong><\/td>\n<td>16.14<\/td>\n<td>16.93<\/td>\n<td>18.50<\/td>\n<td>19.69<\/td>\n<td>22.05<\/td>\n<\/tr>\n<\/tbody>\n<\/table>\n<p>&nbsp;<\/p>\n<p><strong>Instructions d'entretien<\/strong><\/p>\n<table>\n<tbody>\n<tr>\n<td>Lavage<\/td>\n<td>Machine, chaud, \u00e0 l'envers, couleurs similaires<\/td>\n<\/tr>\n<tr>\n<td>S\u00e9chage par culbutage<\/td>\n<td>Faible<\/td>\n<\/tr>\n<tr>\n<td>Eau de Javel<\/td>\n<td>Uniquement les produits sans chlore<\/td>\n<\/tr>\n<tr>\n<td>Nettoyage \u00e0 sec<\/td>\n<td>Ne pas nettoyer \u00e0 sec<\/td>\n<\/tr>\n<tr>\n<td>Le fer<\/td>\n<td>Ne pas repasser<\/td>\n<\/tr>\n<\/tbody>\n<\/table>\n<div class=\"inter-after-content\" style=\"margin-top: 20px;margin-bottom: 20px;\" id=\"inter-1017952399\"><script async src=\"\/\/pagead2.googlesyndication.com\/pagead\/js\/adsbygoogle.js?client=ca-pub-4633244982126279\" crossorigin=\"anonymous\"><\/script><ins class=\"adsbygoogle\" style=\"display:block;\" data-ad-client=\"ca-pub-4633244982126279\" \ndata-ad-slot=\"8015293915\" \ndata-ad-format=\"auto\"><\/ins>\n<script> \n(adsbygoogle = window.adsbygoogle || []).push({}); \n<\/script>\n<\/div>","protected":false},"excerpt":{"rendered":"<p>Notre motif exclusif Travel Across Europe figure sur le devant de ce tee-shirt classique \u00e0 col ras du cou pour femme. Tricot de jersey pr\u00e9r\u00e9tr\u00e9ci Silhouette ajust\u00e9e avec couture lat\u00e9rale Haute densit\u00e9 de points pour une surface d'impression plus lisse Col \u00e0 double aiguille de 1,3 cm sans couture Encolure et \u00e9paules entoil\u00e9es \u00c9tiquette d\u00e9chirable et \u00e9tiquette \u00e0 double satin Ourlets des manches et du bas de la jambe \u00e0 double aiguille Guide des tailles...<\/p>","protected":false},"featured_media":5694,"comment_status":"open","ping_status":"closed","template":"","meta":[],"product_brand":[],"product_cat":[248],"product_tag":[],"class_list":{"0":"post-5695","1":"product","2":"type-product","3":"status-publish","4":"has-post-thumbnail","6":"product_cat-t-shirts","8":"first","9":"instock","10":"shipping-taxable","11":"purchasable","12":"product-type-variable"},"jetpack-related-posts":[],"jetpack_sharing_enabled":true,"_links":{"self":[{"href":"https:\/\/interrailplanner.com\/blog\/fr\/wp-json\/wp\/v2\/product\/5695","targetHints":{"allow":["GET"]}}],"collection":[{"href":"https:\/\/interrailplanner.com\/blog\/fr\/wp-json\/wp\/v2\/product"}],"about":[{"href":"https:\/\/interrailplanner.com\/blog\/fr\/wp-json\/wp\/v2\/types\/product"}],"replies":[{"embeddable":true,"href":"https:\/\/interrailplanner.com\/blog\/fr\/wp-json\/wp\/v2\/comments?post=5695"}],"wp:featuredmedia":[{"embeddable":true,"href":"https:\/\/interrailplanner.com\/blog\/fr\/wp-json\/wp\/v2\/media\/5694"}],"wp:attachment":[{"href":"https:\/\/interrailplanner.com\/blog\/fr\/wp-json\/wp\/v2\/media?parent=5695"}],"wp:term":[{"taxonomy":"product_brand","embeddable":true,"href":"https:\/\/interrailplanner.com\/blog\/fr\/wp-json\/wp\/v2\/product_brand?post=5695"},{"taxonomy":"product_cat","embeddable":true,"href":"https:\/\/interrailplanner.com\/blog\/fr\/wp-json\/wp\/v2\/product_cat?post=5695"},{"taxonomy":"product_tag","embeddable":true,"href":"https:\/\/interrailplanner.com\/blog\/fr\/wp-json\/wp\/v2\/product_tag?post=5695"}],"curies":[{"name":"wp","href":"https:\/\/api.w.org\/{rel}","templated":true}]}}