
{"id":5933,"date":"2023-09-14T16:24:59","date_gmt":"2023-09-14T15:24:59","guid":{"rendered":"https:\/\/interrailplanner.com\/blog\/product\/classic-unisex-pullover-hoodie-front-design-with-text\/"},"modified":"2025-09-24T17:15:43","modified_gmt":"2025-09-24T16:15:43","slug":"classic-unisex-pullover-hoodie-front-design-with-text","status":"publish","type":"product","link":"https:\/\/interrailplanner.com\/blog\/es\/producto\/sudadera-con-capucha-clasica-unisex-de-diseno-frontal-con-texto\/","title":{"rendered":"Sudadera cl\u00e1sica unisex con capucha - Dise\u00f1o frontal con texto"},"content":{"rendered":"<p>Con nuestro exclusivo dise\u00f1o Interrail Planner con texto, se trata de una sudadera con capucha cl\u00e1sica con un gran bolsillo frontal y cordones en color a juego.<\/p><div class=\"inter-content-paragraph\" style=\"margin-top: 20px;margin-bottom: 20px;\" id=\"inter-663022465\"><script async src=\"\/\/pagead2.googlesyndication.com\/pagead\/js\/adsbygoogle.js?client=ca-pub-4633244982126279\" crossorigin=\"anonymous\"><\/script><ins class=\"adsbygoogle\" style=\"display:block; text-align:center;\" data-ad-client=\"ca-pub-4633244982126279\" \ndata-ad-slot=\"7158573474\" \ndata-ad-layout=\"in-article\"\ndata-ad-format=\"fluid\"><\/ins>\n<script> \n(adsbygoogle = window.adsbygoogle || []).push({}); \n<\/script>\n<\/div>\n<p>Punto polar preencogido<br \/>\nEl hilo de chorro de aire proporciona un tacto m\u00e1s suave y reduce el pilling<br \/>\nCapucha con doble forro y cord\u00f3n de color a juego<br \/>\nRasgar la etiqueta<br \/>\nCosturas a doble aguja en hombros, sisas, cuello, cintura y pu\u00f1os<br \/>\nBolsillo<br \/>\n1 x 1 costilla con spandex<br \/>\nUn cuarto de vuelta para eliminar el pliegue central<\/p>\n<p>&nbsp;<\/p>\n<p><strong>Gu\u00eda de tallas<\/strong><\/p><div class=\"inter-content_2\" style=\"margin-top: 20px;margin-bottom: 20px;\" id=\"inter-1128656243\"><script async src=\"\/\/pagead2.googlesyndication.com\/pagead\/js\/adsbygoogle.js?client=ca-pub-4633244982126279\" crossorigin=\"anonymous\"><\/script><ins class=\"adsbygoogle\" style=\"display:block; text-align:center;\" data-ad-client=\"ca-pub-4633244982126279\" \ndata-ad-slot=\"7158573474\" \ndata-ad-layout=\"in-article\"\ndata-ad-format=\"fluid\"><\/ins>\n<script> \n(adsbygoogle = window.adsbygoogle || []).push({}); \n<\/script>\n<\/div>\n<p>&nbsp;<\/p>\n<table>\n<tbody>\n<tr>\n<td><\/td>\n<td><strong>S<\/strong><\/td>\n<td><strong>M<\/strong><\/td>\n<td><strong>L<\/strong><\/td>\n<td><strong>XL<\/strong><\/td>\n<td><strong>2XL<\/strong><\/td>\n<td><strong>3XL<\/strong><\/td>\n<\/tr>\n<tr>\n<td><strong>A) Longitud (cm)<\/strong><\/td>\n<td>69<\/td>\n<td>71<\/td>\n<td>74<\/td>\n<td>76<\/td>\n<td>79<\/td>\n<td>81<\/td>\n<\/tr>\n<tr>\n<td><strong>B) Medio pecho (cm)<\/strong><\/td>\n<td>51<\/td>\n<td>56<\/td>\n<td>61<\/td>\n<td>66<\/td>\n<td>71<\/td>\n<td>76<\/td>\n<\/tr>\n<tr>\n<td><strong>C) Longitud de la manga (cm)<\/strong><\/td>\n<td>85<\/td>\n<td>88<\/td>\n<td>90<\/td>\n<td>93<\/td>\n<td>95<\/td>\n<td>98<\/td>\n<\/tr>\n<\/tbody>\n<\/table>\n<p>&nbsp;<\/p>\n<table>\n<tbody>\n<tr>\n<td><\/td>\n<td><strong>S<\/strong><\/td>\n<td><strong>M<\/strong><\/td>\n<td><strong>L<\/strong><\/td>\n<td><strong>XL<\/strong><\/td>\n<td><strong>2XL<\/strong><\/td>\n<td><strong>3XL<\/strong><\/td>\n<\/tr>\n<tr>\n<td><strong>A) Longitud (pulgadas)<\/strong><\/td>\n<td>27 \u2159<\/td>\n<td>27 \u215e<\/td>\n<td>29 \u215b<\/td>\n<td>29 \u215e<\/td>\n<td>31 \u2151<\/td>\n<td>31 \u215e<\/td>\n<\/tr>\n<tr>\n<td><strong>B) Medio pecho (pulgadas)<\/strong><\/td>\n<td>20<\/td>\n<td>22<\/td>\n<td>24<\/td>\n<td>25 \u215e<\/td>\n<td>27 \u215e<\/td>\n<td>29 \u215e<\/td>\n<\/tr>\n<tr>\n<td><strong>C) Longitud de la manga (pulgadas)<\/strong><\/td>\n<td>33 \u215c<\/td>\n<td>34 \u215d<\/td>\n<td>35 \u2156<\/td>\n<td>36 \u215d<\/td>\n<td>37 \u2156<\/td>\n<td>38 \u00bd<\/td>\n<\/tr>\n<\/tbody>\n<\/table>\n<p>&nbsp;<\/p>\n<p><strong>Instrucciones de cuidado<\/strong><\/p>\n<table>\n<tbody>\n<tr>\n<td>Lavar<\/td>\n<td>Lavado a m\u00e1quina a temperatura templada (m\u00e1ximo 40\u00baC o 105\u00baF), lavar la prenda del rev\u00e9s con colores similares.<\/td>\n<\/tr>\n<tr>\n<td>Secar en secadora<\/td>\n<td>Bajo<\/td>\n<\/tr>\n<tr>\n<td>Lej\u00eda<\/td>\n<td>S\u00f3lo sin cloro<\/td>\n<\/tr>\n<tr>\n<td>Limpieza en seco<\/td>\n<td>No limpiar en seco<\/td>\n<\/tr>\n<tr>\n<td>Hierro<\/td>\n<td>No planchar<\/td>\n<\/tr>\n<\/tbody>\n<\/table>\n<div class=\"inter-after-content\" style=\"margin-top: 20px;margin-bottom: 20px;\" id=\"inter-3110022161\"><script async src=\"\/\/pagead2.googlesyndication.com\/pagead\/js\/adsbygoogle.js?client=ca-pub-4633244982126279\" crossorigin=\"anonymous\"><\/script><ins class=\"adsbygoogle\" style=\"display:block;\" data-ad-client=\"ca-pub-4633244982126279\" \ndata-ad-slot=\"8015293915\" \ndata-ad-format=\"auto\"><\/ins>\n<script> \n(adsbygoogle = window.adsbygoogle || []).push({}); \n<\/script>\n<\/div>","protected":false},"excerpt":{"rendered":"<p>Con nuestro exclusivo dise\u00f1o Interrail Planner con texto, se trata de una sudadera con capucha cl\u00e1sica con un gran bolsillo frontal y cordones de color a juego. Punto polar preencogido El hilo Air Jet proporciona un tacto m\u00e1s suave y reduce la formaci\u00f3n de bolitas Capucha con doble forro y cord\u00f3n de color a juego Etiqueta desgarrable Doble costura a aguja en hombros, sisa, cuello, cintura y pu\u00f1os Bolsillo...<\/p>","protected":false},"featured_media":5932,"comment_status":"open","ping_status":"closed","template":"","meta":[],"product_brand":[],"product_cat":[254],"product_tag":[],"class_list":{"0":"post-5933","1":"product","2":"type-product","3":"status-publish","4":"has-post-thumbnail","6":"product_cat-hoodies","8":"first","9":"instock","10":"shipping-taxable","11":"purchasable","12":"product-type-variable"},"jetpack-related-posts":[],"jetpack_sharing_enabled":true,"_links":{"self":[{"href":"https:\/\/interrailplanner.com\/blog\/es\/wp-json\/wp\/v2\/product\/5933","targetHints":{"allow":["GET"]}}],"collection":[{"href":"https:\/\/interrailplanner.com\/blog\/es\/wp-json\/wp\/v2\/product"}],"about":[{"href":"https:\/\/interrailplanner.com\/blog\/es\/wp-json\/wp\/v2\/types\/product"}],"replies":[{"embeddable":true,"href":"https:\/\/interrailplanner.com\/blog\/es\/wp-json\/wp\/v2\/comments?post=5933"}],"wp:featuredmedia":[{"embeddable":true,"href":"https:\/\/interrailplanner.com\/blog\/es\/wp-json\/wp\/v2\/media\/5932"}],"wp:attachment":[{"href":"https:\/\/interrailplanner.com\/blog\/es\/wp-json\/wp\/v2\/media?parent=5933"}],"wp:term":[{"taxonomy":"product_brand","embeddable":true,"href":"https:\/\/interrailplanner.com\/blog\/es\/wp-json\/wp\/v2\/product_brand?post=5933"},{"taxonomy":"product_cat","embeddable":true,"href":"https:\/\/interrailplanner.com\/blog\/es\/wp-json\/wp\/v2\/product_cat?post=5933"},{"taxonomy":"product_tag","embeddable":true,"href":"https:\/\/interrailplanner.com\/blog\/es\/wp-json\/wp\/v2\/product_tag?post=5933"}],"curies":[{"name":"wp","href":"https:\/\/api.w.org\/{rel}","templated":true}]}}