
{"id":5695,"date":"2023-07-18T10:11:59","date_gmt":"2023-07-18T09:11:59","guid":{"rendered":"https:\/\/interrailplanner.com\/blog\/product\/travel-across-europe-t-shirt-classic-womens-crewneck\/"},"modified":"2023-11-15T14:59:30","modified_gmt":"2023-11-15T14:59:30","slug":"travel-across-europe-t-shirt-classic-womens-crewneck","status":"publish","type":"product","link":"https:\/\/interrailplanner.com\/blog\/es\/producto\/travel-across-europe-camiseta-clasica-cuello-redondo-mujer\/","title":{"rendered":"Camiseta Travel Across Europe - Cl\u00e1sica de cuello redondo para mujer"},"content":{"rendered":"<p>Nuestro exclusivo dise\u00f1o Travel Across Europe aparece en la parte delantera de esta cl\u00e1sica camiseta de cuello redondo para mujer.<\/p><div class=\"inter-content-paragraph\" style=\"margin-top: 20px;margin-bottom: 20px;\" id=\"inter-1007579509\"><script async src=\"\/\/pagead2.googlesyndication.com\/pagead\/js\/adsbygoogle.js?client=ca-pub-4633244982126279\" crossorigin=\"anonymous\"><\/script><ins class=\"adsbygoogle\" style=\"display:block; text-align:center;\" data-ad-client=\"ca-pub-4633244982126279\" \ndata-ad-slot=\"7158573474\" \ndata-ad-layout=\"in-article\"\ndata-ad-format=\"fluid\"><\/ins>\n<script> \n(adsbygoogle = window.adsbygoogle || []).push({}); \n<\/script>\n<\/div>\n<p>&nbsp;<\/p>\n<p>Punto jersey preencogido<br \/>\nSilueta entallada con costura lateral<br \/>\nAlta densidad de puntadas para una superficie de impresi\u00f3n m\u00e1s lisa<br \/>\nCuello de 1,3 cm con doble aguja sin costuras<br \/>\nCuello y hombros encintados<br \/>\nEtiqueta desprendible y etiqueta doble satinada<br \/>\nDobladillo inferior y mangas a doble aguja<\/p>\n<p>&nbsp;<\/p>\n<p><strong>Gu\u00eda de tallas<\/strong><\/p><div class=\"inter-content_2\" style=\"margin-top: 20px;margin-bottom: 20px;\" id=\"inter-2591149785\"><script async src=\"\/\/pagead2.googlesyndication.com\/pagead\/js\/adsbygoogle.js?client=ca-pub-4633244982126279\" crossorigin=\"anonymous\"><\/script><ins class=\"adsbygoogle\" style=\"display:block; text-align:center;\" data-ad-client=\"ca-pub-4633244982126279\" \ndata-ad-slot=\"7158573474\" \ndata-ad-layout=\"in-article\"\ndata-ad-format=\"fluid\"><\/ins>\n<script> \n(adsbygoogle = window.adsbygoogle || []).push({}); \n<\/script>\n<\/div>\n<p>&nbsp;<\/p>\n<table>\n<tbody>\n<tr>\n<td><\/td>\n<td><strong>S<\/strong><\/td>\n<td><strong>M<\/strong><\/td>\n<td><strong>L<\/strong><\/td>\n<td><strong>XL<\/strong><\/td>\n<td><strong>2XL<\/strong><\/td>\n<\/tr>\n<tr>\n<td><strong>A) Longitud (cm)<\/strong><\/td>\n<td>64<\/td>\n<td>67<\/td>\n<td>69<\/td>\n<td>71<\/td>\n<td>72<\/td>\n<\/tr>\n<tr>\n<td><strong>B) Medio pecho (cm)<\/strong><\/td>\n<td>41<\/td>\n<td>43<\/td>\n<td>47<\/td>\n<td>50<\/td>\n<td>56<\/td>\n<\/tr>\n<\/tbody>\n<\/table>\n<p>&nbsp;<\/p>\n<table>\n<tbody>\n<tr>\n<td><\/td>\n<td><strong>S<\/strong><\/td>\n<td><strong>M<\/strong><\/td>\n<td><strong>L<\/strong><\/td>\n<td><strong>XL<\/strong><\/td>\n<td><strong>2XL<\/strong><\/td>\n<\/tr>\n<tr>\n<td><strong>A) Longitud (pulgadas)<\/strong><\/td>\n<td>25 \u00bc<\/td>\n<td>26 \u215c<\/td>\n<td>27 \u215b<\/td>\n<td>27 1\/0<\/td>\n<td>28 \u2153<\/td>\n<\/tr>\n<tr>\n<td><strong>B) Medio pecho (pulgadas)<\/strong><\/td>\n<td>16.14<\/td>\n<td>16.93<\/td>\n<td>18.50<\/td>\n<td>19.69<\/td>\n<td>22.05<\/td>\n<\/tr>\n<\/tbody>\n<\/table>\n<p>&nbsp;<\/p>\n<p><strong>Instrucciones de cuidado<\/strong><\/p>\n<table>\n<tbody>\n<tr>\n<td>Lavar<\/td>\n<td>A m\u00e1quina, caliente, del rev\u00e9s, colores similares<\/td>\n<\/tr>\n<tr>\n<td>Secar en secadora<\/td>\n<td>Bajo<\/td>\n<\/tr>\n<tr>\n<td>Lej\u00eda<\/td>\n<td>S\u00f3lo sin cloro<\/td>\n<\/tr>\n<tr>\n<td>Limpieza en seco<\/td>\n<td>No limpiar en seco<\/td>\n<\/tr>\n<tr>\n<td>Hierro<\/td>\n<td>No planchar<\/td>\n<\/tr>\n<\/tbody>\n<\/table>\n<div class=\"inter-after-content\" style=\"margin-top: 20px;margin-bottom: 20px;\" id=\"inter-3720992471\"><script async src=\"\/\/pagead2.googlesyndication.com\/pagead\/js\/adsbygoogle.js?client=ca-pub-4633244982126279\" crossorigin=\"anonymous\"><\/script><ins class=\"adsbygoogle\" style=\"display:block;\" data-ad-client=\"ca-pub-4633244982126279\" \ndata-ad-slot=\"8015293915\" \ndata-ad-format=\"auto\"><\/ins>\n<script> \n(adsbygoogle = window.adsbygoogle || []).push({}); \n<\/script>\n<\/div>","protected":false},"excerpt":{"rendered":"<p>Nuestro exclusivo dise\u00f1o Travel Across Europe aparece en la parte delantera de esta cl\u00e1sica camiseta de cuello redondo para mujer Punto jersey preencogido Silueta entallada con costura lateral Alta densidad de puntadas para una superficie de impresi\u00f3n m\u00e1s suave Cuello de 1,3 cm con doble aguja sin costuras Cuello y hombros sellados Etiqueta desgarrable y etiqueta de doble sat\u00e9n Dobladillo de las mangas y bajo con doble aguja Gu\u00eda de tallas...<\/p>","protected":false},"featured_media":5694,"comment_status":"open","ping_status":"closed","template":"","meta":[],"product_brand":[],"product_cat":[248],"product_tag":[],"class_list":{"0":"post-5695","1":"product","2":"type-product","3":"status-publish","4":"has-post-thumbnail","6":"product_cat-t-shirts","8":"first","9":"instock","10":"shipping-taxable","11":"purchasable","12":"product-type-variable"},"jetpack-related-posts":[],"jetpack_sharing_enabled":true,"_links":{"self":[{"href":"https:\/\/interrailplanner.com\/blog\/es\/wp-json\/wp\/v2\/product\/5695","targetHints":{"allow":["GET"]}}],"collection":[{"href":"https:\/\/interrailplanner.com\/blog\/es\/wp-json\/wp\/v2\/product"}],"about":[{"href":"https:\/\/interrailplanner.com\/blog\/es\/wp-json\/wp\/v2\/types\/product"}],"replies":[{"embeddable":true,"href":"https:\/\/interrailplanner.com\/blog\/es\/wp-json\/wp\/v2\/comments?post=5695"}],"wp:featuredmedia":[{"embeddable":true,"href":"https:\/\/interrailplanner.com\/blog\/es\/wp-json\/wp\/v2\/media\/5694"}],"wp:attachment":[{"href":"https:\/\/interrailplanner.com\/blog\/es\/wp-json\/wp\/v2\/media?parent=5695"}],"wp:term":[{"taxonomy":"product_brand","embeddable":true,"href":"https:\/\/interrailplanner.com\/blog\/es\/wp-json\/wp\/v2\/product_brand?post=5695"},{"taxonomy":"product_cat","embeddable":true,"href":"https:\/\/interrailplanner.com\/blog\/es\/wp-json\/wp\/v2\/product_cat?post=5695"},{"taxonomy":"product_tag","embeddable":true,"href":"https:\/\/interrailplanner.com\/blog\/es\/wp-json\/wp\/v2\/product_tag?post=5695"}],"curies":[{"name":"wp","href":"https:\/\/api.w.org\/{rel}","templated":true}]}}