
{"id":5561,"date":"2023-07-17T19:33:36","date_gmt":"2023-07-17T18:33:36","guid":{"rendered":"https:\/\/interrailplanner.com\/blog\/product\/travel-across-europe-t-shirt-front-design-no-text\/"},"modified":"2023-11-15T14:59:35","modified_gmt":"2023-11-15T14:59:35","slug":"travel-across-europe-t-shirt-front-design-no-text","status":"publish","type":"product","link":"https:\/\/interrailplanner.com\/blog\/es\/producto\/travel-across-europe-camiseta-diseno-frontal-sin-texto\/","title":{"rendered":"Camiseta unisex Travel Across Europe - Dise\u00f1o frontal (sin texto)"},"content":{"rendered":"<div>\n<p>En la parte delantera de esta camiseta aparece nuestro dise\u00f1o exclusivo Travel Across Europe By Rail T-Shirt (sin texto).<\/p>\n<p><\/p>\n<\/p>\n<p>Esta camiseta de algod\u00f3n grueso es un producto b\u00e1sico duradero con un corte cl\u00e1sico. Tiene un estilo relajado hecho para el uso diario y casual<\/p>\n<p><\/p>\n<\/p>\n<p>- Cuello de doble aguja sin costuras<\/p>\n<p>- Dobladillo inferior y mangas a doble aguja<\/p>\n<p>- 100% algod\u00f3n peinado e hilado en anillos<\/p><div class=\"inter-content-paragraph\" style=\"margin-top: 20px;margin-bottom: 20px;\" id=\"inter-1214362286\"><script async src=\"\/\/pagead2.googlesyndication.com\/pagead\/js\/adsbygoogle.js?client=ca-pub-4633244982126279\" crossorigin=\"anonymous\"><\/script><ins class=\"adsbygoogle\" style=\"display:block; text-align:center;\" data-ad-client=\"ca-pub-4633244982126279\" \ndata-ad-slot=\"7158573474\" \ndata-ad-layout=\"in-article\"\ndata-ad-format=\"fluid\"><\/ins>\n<script> \n(adsbygoogle = window.adsbygoogle || []).push({}); \n<\/script>\n<\/div>\n<p>- Cuello y hombros sellados para mayor durabilidad<\/p>\n<\/p>\n<\/div>\n<p><strong>Gu\u00eda de tallas<\/strong><\/p>\n<table>\n<tbody>\n<tr>\n<td>&nbsp;<\/td>\n<td><strong>S<\/strong><\/td>\n<td><strong>M<\/strong><\/td>\n<td><strong>L<\/strong><\/td>\n<td><strong>XL<\/strong><\/td>\n<td><strong>2XL<\/strong><\/td>\n<td><strong>3XL<\/strong><\/td>\n<\/tr>\n<tr>\n<td><strong>A) Longitud (cm)<\/strong><\/td>\n<td>71<\/td>\n<td>74<\/td>\n<td>76<\/td>\n<td>79<\/td>\n<td>81<\/td>\n<td>84<\/td>\n<\/tr>\n<tr>\n<td><strong>B) Medio pecho (cm)<\/strong><\/td>\n<td>46<\/td>\n<td>51<\/td>\n<td>56<\/td>\n<td>61<\/td>\n<td>66<\/td>\n<td>71<\/td>\n<\/tr>\n<\/tbody>\n<\/table>\n<table>\n<tbody>\n<tr>\n<td>&nbsp;<\/td>\n<td><strong>S<\/strong><\/td>\n<td><strong>M<\/strong><\/td>\n<td><strong>L<\/strong><\/td>\n<td><strong>XL<\/strong><\/td>\n<td><strong>2XL<\/strong><\/td>\n<td><strong>3XL<\/strong><\/td>\n<\/tr>\n<tr>\n<td><strong>A) Longitud (pulgadas)<\/strong><\/td>\n<td>28<\/td>\n<td>29<\/td>\n<td>30<\/td>\n<td>31<\/td>\n<td>32<\/td>\n<td>33<\/td>\n<\/tr>\n<tr>\n<td><strong>B) Medio pecho (pulgadas)<\/strong><\/td>\n<td>18<\/td>\n<td>20<\/td>\n<td>22<\/td>\n<td>24<\/td>\n<td>26<\/td>\n<td>28<\/td>\n<\/tr>\n<\/tbody>\n<\/table>\n<p><strong>Instrucciones de cuidado<\/strong><\/p>\n<table>\n<tbody>\n<tr>\n<td>Lavar<\/td>\n<td>A m\u00e1quina, caliente, del rev\u00e9s, colores similares<\/td>\n<\/tr>\n<tr>\n<td>Secar en secadora<\/td>\n<td>Bajo<\/td>\n<\/tr>\n<tr>\n<td>Lej\u00eda<\/td>\n<td>S\u00f3lo sin cloro<\/td>\n<\/tr>\n<tr>\n<td>Limpieza en seco<\/td>\n<td>No limpiar en seco<\/td>\n<\/tr>\n<tr>\n<td>Hierro<\/td>\n<td>No planchar<\/td>\n<\/tr>\n<\/tbody>\n<\/table>\n<div class=\"inter-after-content\" style=\"margin-top: 20px;margin-bottom: 20px;\" id=\"inter-2467351593\"><script async src=\"\/\/pagead2.googlesyndication.com\/pagead\/js\/adsbygoogle.js?client=ca-pub-4633244982126279\" crossorigin=\"anonymous\"><\/script><ins class=\"adsbygoogle\" style=\"display:block;\" data-ad-client=\"ca-pub-4633244982126279\" \ndata-ad-slot=\"8015293915\" \ndata-ad-format=\"auto\"><\/ins>\n<script> \n(adsbygoogle = window.adsbygoogle || []).push({}); \n<\/script>\n<\/div>","protected":false},"excerpt":{"rendered":"<p>Nuestro exclusivo dise\u00f1o de camiseta Travel Across Europe By Rail (sin texto) aparece en la parte delantera de esta camiseta Esta camiseta de algod\u00f3n grueso es un producto b\u00e1sico duradero con un corte cl\u00e1sico. Tiene un estilo relajado hecho para el uso diario e informal - Cuello con doble aguja sin costuras - Dobladillo de las mangas y bajo con doble aguja - 100%...<\/p>","protected":false},"featured_media":5786,"comment_status":"open","ping_status":"closed","template":"","meta":[],"product_brand":[],"product_cat":[248],"product_tag":[],"class_list":{"0":"post-5561","1":"product","2":"type-product","3":"status-publish","4":"has-post-thumbnail","6":"product_cat-t-shirts","8":"first","9":"instock","10":"shipping-taxable","11":"purchasable","12":"product-type-variable"},"jetpack-related-posts":[],"jetpack_sharing_enabled":true,"_links":{"self":[{"href":"https:\/\/interrailplanner.com\/blog\/es\/wp-json\/wp\/v2\/product\/5561","targetHints":{"allow":["GET"]}}],"collection":[{"href":"https:\/\/interrailplanner.com\/blog\/es\/wp-json\/wp\/v2\/product"}],"about":[{"href":"https:\/\/interrailplanner.com\/blog\/es\/wp-json\/wp\/v2\/types\/product"}],"replies":[{"embeddable":true,"href":"https:\/\/interrailplanner.com\/blog\/es\/wp-json\/wp\/v2\/comments?post=5561"}],"wp:featuredmedia":[{"embeddable":true,"href":"https:\/\/interrailplanner.com\/blog\/es\/wp-json\/wp\/v2\/media\/5786"}],"wp:attachment":[{"href":"https:\/\/interrailplanner.com\/blog\/es\/wp-json\/wp\/v2\/media?parent=5561"}],"wp:term":[{"taxonomy":"product_brand","embeddable":true,"href":"https:\/\/interrailplanner.com\/blog\/es\/wp-json\/wp\/v2\/product_brand?post=5561"},{"taxonomy":"product_cat","embeddable":true,"href":"https:\/\/interrailplanner.com\/blog\/es\/wp-json\/wp\/v2\/product_cat?post=5561"},{"taxonomy":"product_tag","embeddable":true,"href":"https:\/\/interrailplanner.com\/blog\/es\/wp-json\/wp\/v2\/product_tag?post=5561"}],"curies":[{"name":"wp","href":"https:\/\/api.w.org\/{rel}","templated":true}]}}