
{"id":5933,"date":"2023-09-14T16:24:59","date_gmt":"2023-09-14T15:24:59","guid":{"rendered":"https:\/\/interrailplanner.com\/blog\/product\/classic-unisex-pullover-hoodie-front-design-with-text\/"},"modified":"2025-09-24T17:15:43","modified_gmt":"2025-09-24T16:15:43","slug":"classic-unisex-pullover-hoodie-front-design-with-text","status":"publish","type":"product","link":"https:\/\/interrailplanner.com\/blog\/de\/produkt\/klassischer-unisex-kapuzenpullover-mit-text-auf-der-vorderseite\/","title":{"rendered":"Klassischer Unisex Pullover Hoodie - Frontdesign mit Text"},"content":{"rendered":"<p>Dieser klassische Kapuzenpulli mit unserem exklusiven Interrail Planner-Design mit Text verf\u00fcgt \u00fcber eine gro\u00dfe Beuteltasche auf der Vorderseite und farblich passende Kordelz\u00fcge.<\/p><div class=\"inter-content-paragraph\" style=\"margin-top: 20px;margin-bottom: 20px;\" id=\"inter-2479446415\"><script async src=\"\/\/pagead2.googlesyndication.com\/pagead\/js\/adsbygoogle.js?client=ca-pub-4633244982126279\" crossorigin=\"anonymous\"><\/script><ins class=\"adsbygoogle\" style=\"display:block; text-align:center;\" data-ad-client=\"ca-pub-4633244982126279\" \ndata-ad-slot=\"7158573474\" \ndata-ad-layout=\"in-article\"\ndata-ad-format=\"fluid\"><\/ins>\n<script> \n(adsbygoogle = window.adsbygoogle || []).push({}); \n<\/script>\n<\/div>\n<p>Einlaufsicheres Fleece-Gestrick<br \/>\nAir-Jet-Garn f\u00fcr ein weicheres Gef\u00fchl und weniger Pilling<br \/>\nDoppelt gef\u00fctterte Kapuze mit farblich abgestimmtem Kordelzug<br \/>\nEtikett abrei\u00dfen<br \/>\nDoppeln\u00e4hte an Schulter, Armausschnitt, Hals, Bund und B\u00fcndchen<br \/>\nBeuteltasche<br \/>\n1 x 1 Rippe mit Elasthan<br \/>\nVierteldrehung zur Beseitigung der Mittelfalte<\/p>\n<p>&nbsp;<\/p>\n<p><strong>Leitfaden zur Gr\u00f6\u00dfe<\/strong><\/p><div class=\"inter-content_2\" style=\"margin-top: 20px;margin-bottom: 20px;\" id=\"inter-1834471227\"><script async src=\"\/\/pagead2.googlesyndication.com\/pagead\/js\/adsbygoogle.js?client=ca-pub-4633244982126279\" crossorigin=\"anonymous\"><\/script><ins class=\"adsbygoogle\" style=\"display:block; text-align:center;\" data-ad-client=\"ca-pub-4633244982126279\" \ndata-ad-slot=\"7158573474\" \ndata-ad-layout=\"in-article\"\ndata-ad-format=\"fluid\"><\/ins>\n<script> \n(adsbygoogle = window.adsbygoogle || []).push({}); \n<\/script>\n<\/div>\n<p>&nbsp;<\/p>\n<table>\n<tbody>\n<tr>\n<td><\/td>\n<td><strong>S<\/strong><\/td>\n<td><strong>M<\/strong><\/td>\n<td><strong>L<\/strong><\/td>\n<td><strong>XL<\/strong><\/td>\n<td><strong>2XL<\/strong><\/td>\n<td><strong>3XL<\/strong><\/td>\n<\/tr>\n<tr>\n<td><strong>A) L\u00e4nge (cm)<\/strong><\/td>\n<td>69<\/td>\n<td>71<\/td>\n<td>74<\/td>\n<td>76<\/td>\n<td>79<\/td>\n<td>81<\/td>\n<\/tr>\n<tr>\n<td><strong>B) Halbe Brust (cm)<\/strong><\/td>\n<td>51<\/td>\n<td>56<\/td>\n<td>61<\/td>\n<td>66<\/td>\n<td>71<\/td>\n<td>76<\/td>\n<\/tr>\n<tr>\n<td><strong>C) \u00c4rmell\u00e4nge (cm)<\/strong><\/td>\n<td>85<\/td>\n<td>88<\/td>\n<td>90<\/td>\n<td>93<\/td>\n<td>95<\/td>\n<td>98<\/td>\n<\/tr>\n<\/tbody>\n<\/table>\n<p>&nbsp;<\/p>\n<table>\n<tbody>\n<tr>\n<td><\/td>\n<td><strong>S<\/strong><\/td>\n<td><strong>M<\/strong><\/td>\n<td><strong>L<\/strong><\/td>\n<td><strong>XL<\/strong><\/td>\n<td><strong>2XL<\/strong><\/td>\n<td><strong>3XL<\/strong><\/td>\n<\/tr>\n<tr>\n<td><strong>A) L\u00e4nge (Zoll)<\/strong><\/td>\n<td>27 \u2159<\/td>\n<td>27 \u215e<\/td>\n<td>29 \u215b<\/td>\n<td>29 \u215e<\/td>\n<td>31 \u2151<\/td>\n<td>31 \u215e<\/td>\n<\/tr>\n<tr>\n<td><strong>B) Halbe Brust (Zoll)<\/strong><\/td>\n<td>20<\/td>\n<td>22<\/td>\n<td>24<\/td>\n<td>25 \u215e<\/td>\n<td>27 \u215e<\/td>\n<td>29 \u215e<\/td>\n<\/tr>\n<tr>\n<td><strong>C) \u00c4rmell\u00e4nge (Zoll)<\/strong><\/td>\n<td>33 \u215c<\/td>\n<td>34 \u215d<\/td>\n<td>35 \u2156<\/td>\n<td>36 \u215d<\/td>\n<td>37 \u2156<\/td>\n<td>38 \u00bd<\/td>\n<\/tr>\n<\/tbody>\n<\/table>\n<p>&nbsp;<\/p>\n<p><strong>Pflegehinweise<\/strong><\/p>\n<table>\n<tbody>\n<tr>\n<td>Waschen<\/td>\n<td>Maschinenw\u00e4sche warm (max 40C oder 105F), Kleidungsst\u00fcck auf links mit \u00e4hnlichen Farben waschen<\/td>\n<\/tr>\n<tr>\n<td>Trocknen im W\u00e4schetrockner<\/td>\n<td>Niedrig<\/td>\n<\/tr>\n<tr>\n<td>Bleichmittel<\/td>\n<td>Nur chlorfreie<\/td>\n<\/tr>\n<tr>\n<td>Chemisch reinigen<\/td>\n<td>Nicht chemisch reinigen<\/td>\n<\/tr>\n<tr>\n<td>Eisen<\/td>\n<td>Nicht b\u00fcgeln<\/td>\n<\/tr>\n<\/tbody>\n<\/table>\n<div class=\"inter-after-content\" style=\"margin-top: 20px;margin-bottom: 20px;\" id=\"inter-1617291000\"><script async src=\"\/\/pagead2.googlesyndication.com\/pagead\/js\/adsbygoogle.js?client=ca-pub-4633244982126279\" crossorigin=\"anonymous\"><\/script><ins class=\"adsbygoogle\" style=\"display:block;\" data-ad-client=\"ca-pub-4633244982126279\" \ndata-ad-slot=\"8015293915\" \ndata-ad-format=\"auto\"><\/ins>\n<script> \n(adsbygoogle = window.adsbygoogle || []).push({}); \n<\/script>\n<\/div>","protected":false},"excerpt":{"rendered":"<p>Mit unserem exklusiven Interrail Planner-Design mit Text ist dies ein klassischer Kapuzenpullover mit einer gro\u00dfen Beuteltasche auf der Vorderseite und farblich passenden Kordelz\u00fcgen. Eingelaufenes Fleece-Gestrick Air-Jet-Garn sorgt f\u00fcr ein weicheres Tragegef\u00fchl und weniger Pilling Doppelt gef\u00fctterte Kapuze mit farblich abgestimmtem Kordelzug Aufrei\u00dfetikett Doppeln\u00e4hte an Schulter, Armausschnitt, Hals, Bund und B\u00fcndchen Beuteltasche...<\/p>","protected":false},"featured_media":5932,"comment_status":"open","ping_status":"closed","template":"","meta":[],"product_brand":[],"product_cat":[254],"product_tag":[],"class_list":{"0":"post-5933","1":"product","2":"type-product","3":"status-publish","4":"has-post-thumbnail","6":"product_cat-hoodies","8":"first","9":"instock","10":"shipping-taxable","11":"purchasable","12":"product-type-variable"},"jetpack-related-posts":[],"jetpack_sharing_enabled":true,"_links":{"self":[{"href":"https:\/\/interrailplanner.com\/blog\/de\/wp-json\/wp\/v2\/product\/5933","targetHints":{"allow":["GET"]}}],"collection":[{"href":"https:\/\/interrailplanner.com\/blog\/de\/wp-json\/wp\/v2\/product"}],"about":[{"href":"https:\/\/interrailplanner.com\/blog\/de\/wp-json\/wp\/v2\/types\/product"}],"replies":[{"embeddable":true,"href":"https:\/\/interrailplanner.com\/blog\/de\/wp-json\/wp\/v2\/comments?post=5933"}],"wp:featuredmedia":[{"embeddable":true,"href":"https:\/\/interrailplanner.com\/blog\/de\/wp-json\/wp\/v2\/media\/5932"}],"wp:attachment":[{"href":"https:\/\/interrailplanner.com\/blog\/de\/wp-json\/wp\/v2\/media?parent=5933"}],"wp:term":[{"taxonomy":"product_brand","embeddable":true,"href":"https:\/\/interrailplanner.com\/blog\/de\/wp-json\/wp\/v2\/product_brand?post=5933"},{"taxonomy":"product_cat","embeddable":true,"href":"https:\/\/interrailplanner.com\/blog\/de\/wp-json\/wp\/v2\/product_cat?post=5933"},{"taxonomy":"product_tag","embeddable":true,"href":"https:\/\/interrailplanner.com\/blog\/de\/wp-json\/wp\/v2\/product_tag?post=5933"}],"curies":[{"name":"wp","href":"https:\/\/api.w.org\/{rel}","templated":true}]}}