
{"id":5695,"date":"2023-07-18T10:11:59","date_gmt":"2023-07-18T09:11:59","guid":{"rendered":"https:\/\/interrailplanner.com\/blog\/product\/travel-across-europe-t-shirt-classic-womens-crewneck\/"},"modified":"2023-11-15T14:59:30","modified_gmt":"2023-11-15T14:59:30","slug":"travel-across-europe-t-shirt-classic-womens-crewneck","status":"publish","type":"product","link":"https:\/\/interrailplanner.com\/blog\/de\/produkt\/travel-across-europe-t-shirt-classic-damen-crewneck\/","title":{"rendered":"Travel Across Europe T-Shirt - Klassisches Damen T-Shirt mit Rundhalsausschnitt"},"content":{"rendered":"<p>Unser exklusives Travel Across Europe-Motiv auf der Vorderseite dieses klassischen Rundhals-T-Shirts f\u00fcr Damen<\/p><div class=\"inter-content-paragraph\" style=\"margin-top: 20px;margin-bottom: 20px;\" id=\"inter-2323939392\"><script async src=\"\/\/pagead2.googlesyndication.com\/pagead\/js\/adsbygoogle.js?client=ca-pub-4633244982126279\" crossorigin=\"anonymous\"><\/script><ins class=\"adsbygoogle\" style=\"display:block; text-align:center;\" data-ad-client=\"ca-pub-4633244982126279\" \ndata-ad-slot=\"7158573474\" \ndata-ad-layout=\"in-article\"\ndata-ad-format=\"fluid\"><\/ins>\n<script> \n(adsbygoogle = window.adsbygoogle || []).push({}); \n<\/script>\n<\/div>\n<p>&nbsp;<\/p>\n<p>Vorgewaschenes Jersey-Gestrick<br \/>\nTaillierte Silhouette mit Seitennaht<br \/>\nHohe Stichdichte f\u00fcr eine glattere Druckoberfl\u00e4che<br \/>\nNahtloser Doppelnadelkragen 1,3 cm<br \/>\nNacken und Schultern abgeklebt<br \/>\nAbrei\u00dfetikett und Doppelsatinetikett<br \/>\n\u00c4rmel und unterer Saum mit Doppeln\u00e4hten versehen<\/p>\n<p>&nbsp;<\/p>\n<p><strong>Leitfaden zur Gr\u00f6\u00dfe<\/strong><\/p><div class=\"inter-content_2\" style=\"margin-top: 20px;margin-bottom: 20px;\" id=\"inter-3651540\"><script async src=\"\/\/pagead2.googlesyndication.com\/pagead\/js\/adsbygoogle.js?client=ca-pub-4633244982126279\" crossorigin=\"anonymous\"><\/script><ins class=\"adsbygoogle\" style=\"display:block; text-align:center;\" data-ad-client=\"ca-pub-4633244982126279\" \ndata-ad-slot=\"7158573474\" \ndata-ad-layout=\"in-article\"\ndata-ad-format=\"fluid\"><\/ins>\n<script> \n(adsbygoogle = window.adsbygoogle || []).push({}); \n<\/script>\n<\/div>\n<p>&nbsp;<\/p>\n<table>\n<tbody>\n<tr>\n<td><\/td>\n<td><strong>S<\/strong><\/td>\n<td><strong>M<\/strong><\/td>\n<td><strong>L<\/strong><\/td>\n<td><strong>XL<\/strong><\/td>\n<td><strong>2XL<\/strong><\/td>\n<\/tr>\n<tr>\n<td><strong>A) L\u00e4nge (cm)<\/strong><\/td>\n<td>64<\/td>\n<td>67<\/td>\n<td>69<\/td>\n<td>71<\/td>\n<td>72<\/td>\n<\/tr>\n<tr>\n<td><strong>B) Halbe Brust (cm)<\/strong><\/td>\n<td>41<\/td>\n<td>43<\/td>\n<td>47<\/td>\n<td>50<\/td>\n<td>56<\/td>\n<\/tr>\n<\/tbody>\n<\/table>\n<p>&nbsp;<\/p>\n<table>\n<tbody>\n<tr>\n<td><\/td>\n<td><strong>S<\/strong><\/td>\n<td><strong>M<\/strong><\/td>\n<td><strong>L<\/strong><\/td>\n<td><strong>XL<\/strong><\/td>\n<td><strong>2XL<\/strong><\/td>\n<\/tr>\n<tr>\n<td><strong>A) L\u00e4nge (Zoll)<\/strong><\/td>\n<td>25 \u00bc<\/td>\n<td>26 \u215c<\/td>\n<td>27 \u215b<\/td>\n<td>27 1\/0<\/td>\n<td>28 \u2153<\/td>\n<\/tr>\n<tr>\n<td><strong>B) Halbe Brust (Zoll)<\/strong><\/td>\n<td>16.14<\/td>\n<td>16.93<\/td>\n<td>18.50<\/td>\n<td>19.69<\/td>\n<td>22.05<\/td>\n<\/tr>\n<\/tbody>\n<\/table>\n<p>&nbsp;<\/p>\n<p><strong>Pflegehinweise<\/strong><\/p>\n<table>\n<tbody>\n<tr>\n<td>Waschen<\/td>\n<td>Maschine, warm, von innen nach au\u00dfen, \u00e4hnliche Farben<\/td>\n<\/tr>\n<tr>\n<td>Trocknen im W\u00e4schetrockner<\/td>\n<td>Niedrig<\/td>\n<\/tr>\n<tr>\n<td>Bleichmittel<\/td>\n<td>Nur chlorfreie<\/td>\n<\/tr>\n<tr>\n<td>Chemisch reinigen<\/td>\n<td>Nicht chemisch reinigen<\/td>\n<\/tr>\n<tr>\n<td>Eisen<\/td>\n<td>Nicht b\u00fcgeln<\/td>\n<\/tr>\n<\/tbody>\n<\/table>\n<div class=\"inter-after-content\" style=\"margin-top: 20px;margin-bottom: 20px;\" id=\"inter-1820322324\"><script async src=\"\/\/pagead2.googlesyndication.com\/pagead\/js\/adsbygoogle.js?client=ca-pub-4633244982126279\" crossorigin=\"anonymous\"><\/script><ins class=\"adsbygoogle\" style=\"display:block;\" data-ad-client=\"ca-pub-4633244982126279\" \ndata-ad-slot=\"8015293915\" \ndata-ad-format=\"auto\"><\/ins>\n<script> \n(adsbygoogle = window.adsbygoogle || []).push({}); \n<\/script>\n<\/div>","protected":false},"excerpt":{"rendered":"<p>Unser exklusives Travel Across Europe-Motiv auf der Vorderseite dieses klassischen Damen-Rundhals-T-Shirts Vorgeschrumpftes Jersey-Gestrick Taillierte Silhouette mit Seitennaht Hohe Stichdichte f\u00fcr eine glattere Druckoberfl\u00e4che Nahtloser, doppelt gen\u00e4hter 1,3-cm-Kragen Geklebter Nacken und Schultern Aufrei\u00df-Etikett und doppeltes Satin-Etikett Doppeln\u00e4hte an \u00c4rmeln und unteren S\u00e4umen Gr\u00f6\u00dfenhinweis...<\/p>","protected":false},"featured_media":5694,"comment_status":"open","ping_status":"closed","template":"","meta":[],"product_brand":[],"product_cat":[248],"product_tag":[],"class_list":{"0":"post-5695","1":"product","2":"type-product","3":"status-publish","4":"has-post-thumbnail","6":"product_cat-t-shirts","8":"first","9":"instock","10":"shipping-taxable","11":"purchasable","12":"product-type-variable"},"jetpack-related-posts":[],"jetpack_sharing_enabled":true,"_links":{"self":[{"href":"https:\/\/interrailplanner.com\/blog\/de\/wp-json\/wp\/v2\/product\/5695","targetHints":{"allow":["GET"]}}],"collection":[{"href":"https:\/\/interrailplanner.com\/blog\/de\/wp-json\/wp\/v2\/product"}],"about":[{"href":"https:\/\/interrailplanner.com\/blog\/de\/wp-json\/wp\/v2\/types\/product"}],"replies":[{"embeddable":true,"href":"https:\/\/interrailplanner.com\/blog\/de\/wp-json\/wp\/v2\/comments?post=5695"}],"wp:featuredmedia":[{"embeddable":true,"href":"https:\/\/interrailplanner.com\/blog\/de\/wp-json\/wp\/v2\/media\/5694"}],"wp:attachment":[{"href":"https:\/\/interrailplanner.com\/blog\/de\/wp-json\/wp\/v2\/media?parent=5695"}],"wp:term":[{"taxonomy":"product_brand","embeddable":true,"href":"https:\/\/interrailplanner.com\/blog\/de\/wp-json\/wp\/v2\/product_brand?post=5695"},{"taxonomy":"product_cat","embeddable":true,"href":"https:\/\/interrailplanner.com\/blog\/de\/wp-json\/wp\/v2\/product_cat?post=5695"},{"taxonomy":"product_tag","embeddable":true,"href":"https:\/\/interrailplanner.com\/blog\/de\/wp-json\/wp\/v2\/product_tag?post=5695"}],"curies":[{"name":"wp","href":"https:\/\/api.w.org\/{rel}","templated":true}]}}