
{"id":5264,"date":"2023-07-17T13:27:55","date_gmt":"2023-07-17T12:27:55","guid":{"rendered":"https:\/\/interrailplanner.com\/blog\/product\/travel-across-europe-t-shirt-back-design\/"},"modified":"2023-11-15T14:59:32","modified_gmt":"2023-11-15T14:59:32","slug":"travel-across-europe-t-shirt-back-design","status":"publish","type":"product","link":"https:\/\/interrailplanner.com\/blog\/de\/produkt\/reisen-durch-europa-t-shirt-ruckseite-design\/","title":{"rendered":"Travel Across Europe Unisex T-Shirt - R\u00fcckendesign (mit Text)"},"content":{"rendered":"<div>\n<p>Unser exklusives Travel Across Europe By Rail T-Shirt mit unbedruckter Vorderseite auf der R\u00fcckseite des T-Shirts<\/p>\n<p>&nbsp;<\/p>\n<p>Dieses Unisex-T-Shirt aus schwerer Baumwolle ist ein langlebiges Grundnahrungsmittel mit klassischer Passform. Es hat einen entspannten Stil f\u00fcr den Alltag und Freizeitkleidung gemacht<\/p>\n<p>&nbsp;<\/p>\n<p>- Nahtloser Doppel-Nadel-Kragen<\/p>\n<p>- \u00c4rmel und unterer Saum mit Doppeln\u00e4hten versehen<\/p>\n<p>- 100% gek\u00e4mmte und ringgesponnene Baumwolle<\/p>\n<p>- Nacken und Schultern mit Klebeband f\u00fcr lange Haltbarkeit<\/p>\n<\/div>\n<p>&nbsp;<\/p>\n<p>&nbsp;<\/p>\n<p><strong>Leitfaden zur Gr\u00f6\u00dfe<\/strong><\/p><div class=\"inter-content-paragraph\" style=\"margin-top: 20px;margin-bottom: 20px;\" id=\"inter-2032327636\"><script async src=\"\/\/pagead2.googlesyndication.com\/pagead\/js\/adsbygoogle.js?client=ca-pub-4633244982126279\" crossorigin=\"anonymous\"><\/script><ins class=\"adsbygoogle\" style=\"display:block; text-align:center;\" data-ad-client=\"ca-pub-4633244982126279\" \ndata-ad-slot=\"7158573474\" \ndata-ad-layout=\"in-article\"\ndata-ad-format=\"fluid\"><\/ins>\n<script> \n(adsbygoogle = window.adsbygoogle || []).push({}); \n<\/script>\n<\/div>\n<p>&nbsp;<\/p>\n<table>\n<tbody>\n<tr>\n<td><\/td>\n<td><strong>S<\/strong><\/td>\n<td><strong>M<\/strong><\/td>\n<td><strong>L<\/strong><\/td>\n<td><strong>XL<\/strong><\/td>\n<td><strong>2XL<\/strong><\/td>\n<td><strong>3XL<\/strong><\/td>\n<\/tr>\n<tr>\n<td><strong>A) L\u00e4nge (cm)<\/strong><\/td>\n<td>71<\/td>\n<td>74<\/td>\n<td>76<\/td>\n<td>79<\/td>\n<td>81<\/td>\n<td>84<\/td>\n<\/tr>\n<tr>\n<td><strong>B) Halbe Brust (cm)<\/strong><\/td>\n<td>46<\/td>\n<td>51<\/td>\n<td>56<\/td>\n<td>61<\/td>\n<td>66<\/td>\n<td>71<\/td>\n<\/tr>\n<\/tbody>\n<\/table>\n<p>&nbsp;<\/p>\n<table>\n<tbody>\n<tr>\n<td><\/td>\n<td><strong>S<\/strong><\/td>\n<td><strong>M<\/strong><\/td>\n<td><strong>L<\/strong><\/td>\n<td><strong>XL<\/strong><\/td>\n<td><strong>2XL<\/strong><\/td>\n<td><strong>3XL<\/strong><\/td>\n<\/tr>\n<tr>\n<td><strong>A) L\u00e4nge (Zoll)<\/strong><\/td>\n<td>28<\/td>\n<td>29<\/td>\n<td>30<\/td>\n<td>31<\/td>\n<td>32<\/td>\n<td>33<\/td>\n<\/tr>\n<tr>\n<td><strong>B) Halbe Brust (Zoll)<\/strong><\/td>\n<td>18<\/td>\n<td>20<\/td>\n<td>22<\/td>\n<td>24<\/td>\n<td>26<\/td>\n<td>28<\/td>\n<\/tr>\n<\/tbody>\n<\/table>\n<p>&nbsp;<\/p>\n<p><strong>Pflegehinweise<\/strong><\/p>\n<table>\n<tbody>\n<tr>\n<td>Waschen<\/td>\n<td>Maschine, warm, von innen nach au\u00dfen, \u00e4hnliche Farben<\/td>\n<\/tr>\n<tr>\n<td>Trocknen im W\u00e4schetrockner<\/td>\n<td>Niedrig<\/td>\n<\/tr>\n<tr>\n<td>Bleichmittel<\/td>\n<td>Nur chlorfreie<\/td>\n<\/tr>\n<tr>\n<td>Chemisch reinigen<\/td>\n<td>Nicht chemisch reinigen<\/td>\n<\/tr>\n<tr>\n<td>Eisen<\/td>\n<td>Nicht b\u00fcgeln<\/td>\n<\/tr>\n<\/tbody>\n<\/table>\n<div class=\"inter-after-content\" style=\"margin-top: 20px;margin-bottom: 20px;\" id=\"inter-330965805\"><script async src=\"\/\/pagead2.googlesyndication.com\/pagead\/js\/adsbygoogle.js?client=ca-pub-4633244982126279\" crossorigin=\"anonymous\"><\/script><ins class=\"adsbygoogle\" style=\"display:block;\" data-ad-client=\"ca-pub-4633244982126279\" \ndata-ad-slot=\"8015293915\" \ndata-ad-format=\"auto\"><\/ins>\n<script> \n(adsbygoogle = window.adsbygoogle || []).push({}); \n<\/script>\n<\/div>","protected":false},"excerpt":{"rendered":"<p>Unser exklusives Travel Across Europe By Rail T-Shirt auf der R\u00fcckseite des T-Shirts, mit einer leeren Vorderseite Dieses Unisex-T-Shirt aus schwerer Baumwolle ist ein langlebiges Grundnahrungsmittel mit einer klassischen Passform. Es hat einen entspannten Stil f\u00fcr Alltag und Freizeit - Nahtloser, doppelt gen\u00e4hter Kragen - Doppeln\u00e4hte an den \u00c4rmeln und am unteren Saum...<\/p>","protected":false},"featured_media":5797,"comment_status":"open","ping_status":"closed","template":"","meta":[],"product_brand":[],"product_cat":[248],"product_tag":[],"class_list":{"0":"post-5264","1":"product","2":"type-product","3":"status-publish","4":"has-post-thumbnail","6":"product_cat-t-shirts","8":"first","9":"instock","10":"shipping-taxable","11":"purchasable","12":"product-type-variable"},"jetpack-related-posts":[],"jetpack_sharing_enabled":true,"_links":{"self":[{"href":"https:\/\/interrailplanner.com\/blog\/de\/wp-json\/wp\/v2\/product\/5264","targetHints":{"allow":["GET"]}}],"collection":[{"href":"https:\/\/interrailplanner.com\/blog\/de\/wp-json\/wp\/v2\/product"}],"about":[{"href":"https:\/\/interrailplanner.com\/blog\/de\/wp-json\/wp\/v2\/types\/product"}],"replies":[{"embeddable":true,"href":"https:\/\/interrailplanner.com\/blog\/de\/wp-json\/wp\/v2\/comments?post=5264"}],"wp:featuredmedia":[{"embeddable":true,"href":"https:\/\/interrailplanner.com\/blog\/de\/wp-json\/wp\/v2\/media\/5797"}],"wp:attachment":[{"href":"https:\/\/interrailplanner.com\/blog\/de\/wp-json\/wp\/v2\/media?parent=5264"}],"wp:term":[{"taxonomy":"product_brand","embeddable":true,"href":"https:\/\/interrailplanner.com\/blog\/de\/wp-json\/wp\/v2\/product_brand?post=5264"},{"taxonomy":"product_cat","embeddable":true,"href":"https:\/\/interrailplanner.com\/blog\/de\/wp-json\/wp\/v2\/product_cat?post=5264"},{"taxonomy":"product_tag","embeddable":true,"href":"https:\/\/interrailplanner.com\/blog\/de\/wp-json\/wp\/v2\/product_tag?post=5264"}],"curies":[{"name":"wp","href":"https:\/\/api.w.org\/{rel}","templated":true}]}}